{"id":741,"date":"2021-01-05T09:52:36","date_gmt":"2021-01-05T09:52:36","guid":{"rendered":"https:\/\/pozivnicezavjencanjejeanleloo.com\/?post_type=product&#038;p=741"},"modified":"2021-01-08T20:20:07","modified_gmt":"2021-01-08T20:20:07","slug":"grace","status":"publish","type":"product","link":"https:\/\/pozivnicezavjencanjejeanleloo.com\/de\/produkt\/grace\/","title":{"rendered":"Grace"},"content":{"rendered":"<p>Die Hochzeitseinladung besteht aus Perlenkarton und ist mit Seidenspitze, Satinschleife und sch\u00f6ner Brosche ausgestattet. Die Gr\u00f6\u00dfe des Einladungsschreibens betr\u00e4gt 11 x 14 cm, wenn es geschlossen und ge\u00f6ffnet ist. Es k\u00f6nnen andere Farben vorhanden sein. Die einmalige Zahlung f\u00fcr Druck und Grafikvorbereitung betr\u00e4gt 17,00 Euro.<\/p>","protected":false},"excerpt":{"rendered":"<p>f\u00fcr 20 St\u00fcck und mehr Preis 2,96 \u20ac<br \/>\nf\u00fcr 50 St\u00fcck und mehr Preis 2,70 \u20ac<br \/>\nf\u00fcr 100 St\u00fcck und mehr Preis 2,42 \u20ac<\/p>","protected":false},"featured_media":745,"comment_status":"closed","ping_status":"closed","template":"","meta":{"ocean_post_layout":"","ocean_both_sidebars_style":"","ocean_both_sidebars_content_width":0,"ocean_both_sidebars_sidebars_width":0,"ocean_sidebar":"","ocean_second_sidebar":"","ocean_disable_margins":"enable","ocean_add_body_class":"","ocean_shortcode_before_top_bar":"","ocean_shortcode_after_top_bar":"","ocean_shortcode_before_header":"","ocean_shortcode_after_header":"","ocean_has_shortcode":"","ocean_shortcode_after_title":"","ocean_shortcode_before_footer_widgets":"","ocean_shortcode_after_footer_widgets":"","ocean_shortcode_before_footer_bottom":"","ocean_shortcode_after_footer_bottom":"","ocean_display_top_bar":"default","ocean_display_header":"default","ocean_header_style":"","ocean_center_header_left_menu":"","ocean_custom_header_template":"","ocean_custom_logo":0,"ocean_custom_retina_logo":0,"ocean_custom_logo_max_width":0,"ocean_custom_logo_tablet_max_width":0,"ocean_custom_logo_mobile_max_width":0,"ocean_custom_logo_max_height":0,"ocean_custom_logo_tablet_max_height":0,"ocean_custom_logo_mobile_max_height":0,"ocean_header_custom_menu":"","ocean_menu_typo_font_family":"","ocean_menu_typo_font_subset":"","ocean_menu_typo_font_size":0,"ocean_menu_typo_font_size_tablet":0,"ocean_menu_typo_font_size_mobile":0,"ocean_menu_typo_font_size_unit":"px","ocean_menu_typo_font_weight":"","ocean_menu_typo_font_weight_tablet":"","ocean_menu_typo_font_weight_mobile":"","ocean_menu_typo_transform":"","ocean_menu_typo_transform_tablet":"","ocean_menu_typo_transform_mobile":"","ocean_menu_typo_line_height":0,"ocean_menu_typo_line_height_tablet":0,"ocean_menu_typo_line_height_mobile":0,"ocean_menu_typo_line_height_unit":"","ocean_menu_typo_spacing":0,"ocean_menu_typo_spacing_tablet":0,"ocean_menu_typo_spacing_mobile":0,"ocean_menu_typo_spacing_unit":"","ocean_menu_link_color":"","ocean_menu_link_color_hover":"","ocean_menu_link_color_active":"","ocean_menu_link_background":"","ocean_menu_link_hover_background":"","ocean_menu_link_active_background":"","ocean_menu_social_links_bg":"","ocean_menu_social_hover_links_bg":"","ocean_menu_social_links_color":"","ocean_menu_social_hover_links_color":"","ocean_disable_title":"default","ocean_disable_heading":"default","ocean_post_title":"","ocean_post_subheading":"","ocean_post_title_style":"","ocean_post_title_background_color":"","ocean_post_title_background":0,"ocean_post_title_bg_image_position":"","ocean_post_title_bg_image_attachment":"","ocean_post_title_bg_image_repeat":"","ocean_post_title_bg_image_size":"","ocean_post_title_height":0,"ocean_post_title_bg_overlay":0.5,"ocean_post_title_bg_overlay_color":"","ocean_disable_breadcrumbs":"default","ocean_breadcrumbs_color":"","ocean_breadcrumbs_separator_color":"","ocean_breadcrumbs_links_color":"","ocean_breadcrumbs_links_hover_color":"","ocean_display_footer_widgets":"default","ocean_display_footer_bottom":"default","ocean_custom_footer_template":""},"product_brand":[],"product_cat":[51,43,52],"product_tag":[69,91,66,75,68,89],"class_list":{"0":"post-741","1":"product","2":"type-product","3":"status-publish","4":"has-post-thumbnail","6":"product_cat-elegant-pozivnice","7":"product_cat-pozivnice","8":"product_cat-premium","9":"product_tag-einladung","10":"product_tag-hochzeit","11":"product_tag-pozivnica","12":"product_tag-pozivnice","13":"product_tag-premium","14":"product_tag-vjencanje","16":"entry","17":"has-media","19":"first","20":"instock","21":"shipping-taxable","22":"purchasable","23":"product-type-variable","24":"has-product-nav","25":"col","26":"span_1_of_3","27":"owp-content-center","28":"owp-thumbs-layout-horizontal","29":"owp-btn-normal","30":"owp-tabs-layout-horizontal","32":"circle-sale"},"_links":{"self":[{"href":"https:\/\/pozivnicezavjencanjejeanleloo.com\/de\/wp-json\/wp\/v2\/product\/741"}],"collection":[{"href":"https:\/\/pozivnicezavjencanjejeanleloo.com\/de\/wp-json\/wp\/v2\/product"}],"about":[{"href":"https:\/\/pozivnicezavjencanjejeanleloo.com\/de\/wp-json\/wp\/v2\/types\/product"}],"replies":[{"embeddable":true,"href":"https:\/\/pozivnicezavjencanjejeanleloo.com\/de\/wp-json\/wp\/v2\/comments?post=741"}],"version-history":[{"count":0,"href":"https:\/\/pozivnicezavjencanjejeanleloo.com\/de\/wp-json\/wp\/v2\/product\/741\/revisions"}],"wp:featuredmedia":[{"embeddable":true,"href":"https:\/\/pozivnicezavjencanjejeanleloo.com\/de\/wp-json\/wp\/v2\/media\/745"}],"wp:attachment":[{"href":"https:\/\/pozivnicezavjencanjejeanleloo.com\/de\/wp-json\/wp\/v2\/media?parent=741"}],"wp:term":[{"taxonomy":"product_brand","embeddable":true,"href":"https:\/\/pozivnicezavjencanjejeanleloo.com\/de\/wp-json\/wp\/v2\/product_brand?post=741"},{"taxonomy":"product_cat","embeddable":true,"href":"https:\/\/pozivnicezavjencanjejeanleloo.com\/de\/wp-json\/wp\/v2\/product_cat?post=741"},{"taxonomy":"product_tag","embeddable":true,"href":"https:\/\/pozivnicezavjencanjejeanleloo.com\/de\/wp-json\/wp\/v2\/product_tag?post=741"}],"curies":[{"name":"wp","href":"https:\/\/api.w.org\/{rel}","templated":true}]}}