{"id":4804,"date":"2025-01-27T17:19:27","date_gmt":"2025-01-27T17:19:27","guid":{"rendered":"https:\/\/pozivnicezavjencanjejeanleloo.com\/?post_type=product&#038;p=4804"},"modified":"2025-01-27T17:22:52","modified_gmt":"2025-01-27T17:22:52","slug":"cokolada-na-kartici","status":"publish","type":"product","link":"https:\/\/pozivnicezavjencanjejeanleloo.com\/de\/produkt\/cokolada-na-kartici\/","title":{"rendered":"Schokolade auf der Karte"},"content":{"rendered":"<p>Ein s\u00fc\u00dfes Geschenk f\u00fcr G\u00e4ste, Schokolade auf einer Dankeskarte. Gro\u00dfe Auswahl an Grafiken, schreiben Sie uns f\u00fcr weitere Details<\/p>","protected":false},"excerpt":{"rendered":"<p>ab 10 St\u00fcck Preis 1,60 \u20ac<br \/>\nab 30 St\u00fcck Preis 1,49 \u20ac<br \/>\nab 50 St\u00fcck Preis 1,29 \u20ac<\/p>","protected":false},"featured_media":4808,"comment_status":"open","ping_status":"closed","template":"","meta":{"ocean_post_layout":"","ocean_both_sidebars_style":"","ocean_both_sidebars_content_width":0,"ocean_both_sidebars_sidebars_width":0,"ocean_sidebar":"0","ocean_second_sidebar":"0","ocean_disable_margins":"enable","ocean_add_body_class":"","ocean_shortcode_before_top_bar":"","ocean_shortcode_after_top_bar":"","ocean_shortcode_before_header":"","ocean_shortcode_after_header":"","ocean_has_shortcode":"","ocean_shortcode_after_title":"","ocean_shortcode_before_footer_widgets":"","ocean_shortcode_after_footer_widgets":"","ocean_shortcode_before_footer_bottom":"","ocean_shortcode_after_footer_bottom":"","ocean_display_top_bar":"default","ocean_display_header":"default","ocean_header_style":"","ocean_center_header_left_menu":"0","ocean_custom_header_template":"0","ocean_custom_logo":0,"ocean_custom_retina_logo":0,"ocean_custom_logo_max_width":0,"ocean_custom_logo_tablet_max_width":0,"ocean_custom_logo_mobile_max_width":0,"ocean_custom_logo_max_height":0,"ocean_custom_logo_tablet_max_height":0,"ocean_custom_logo_mobile_max_height":0,"ocean_header_custom_menu":"0","ocean_menu_typo_font_family":"0","ocean_menu_typo_font_subset":"","ocean_menu_typo_font_size":0,"ocean_menu_typo_font_size_tablet":0,"ocean_menu_typo_font_size_mobile":0,"ocean_menu_typo_font_size_unit":"px","ocean_menu_typo_font_weight":"","ocean_menu_typo_font_weight_tablet":"","ocean_menu_typo_font_weight_mobile":"","ocean_menu_typo_transform":"","ocean_menu_typo_transform_tablet":"","ocean_menu_typo_transform_mobile":"","ocean_menu_typo_line_height":0,"ocean_menu_typo_line_height_tablet":0,"ocean_menu_typo_line_height_mobile":0,"ocean_menu_typo_line_height_unit":"","ocean_menu_typo_spacing":0,"ocean_menu_typo_spacing_tablet":0,"ocean_menu_typo_spacing_mobile":0,"ocean_menu_typo_spacing_unit":"","ocean_menu_link_color":"","ocean_menu_link_color_hover":"","ocean_menu_link_color_active":"","ocean_menu_link_background":"","ocean_menu_link_hover_background":"","ocean_menu_link_active_background":"","ocean_menu_social_links_bg":"","ocean_menu_social_hover_links_bg":"","ocean_menu_social_links_color":"","ocean_menu_social_hover_links_color":"","ocean_disable_title":"default","ocean_disable_heading":"default","ocean_post_title":"","ocean_post_subheading":"","ocean_post_title_style":"","ocean_post_title_background_color":"","ocean_post_title_background":0,"ocean_post_title_bg_image_position":"","ocean_post_title_bg_image_attachment":"","ocean_post_title_bg_image_repeat":"","ocean_post_title_bg_image_size":"","ocean_post_title_height":0,"ocean_post_title_bg_overlay":0.5,"ocean_post_title_bg_overlay_color":"","ocean_disable_breadcrumbs":"default","ocean_breadcrumbs_color":"","ocean_breadcrumbs_separator_color":"","ocean_breadcrumbs_links_color":"","ocean_breadcrumbs_links_hover_color":"","ocean_display_footer_widgets":"default","ocean_display_footer_bottom":"default","ocean_custom_footer_template":"0"},"product_brand":[],"product_cat":[77],"product_tag":[207,209,194,220,98,108,101,106,193],"class_list":{"0":"post-4804","1":"product","2":"type-product","3":"status-publish","4":"has-post-thumbnail","6":"product_cat-krstenje","7":"product_tag-baby-taufe","8":"product_tag-babytaufe","9":"product_tag-gastegeschenk","10":"product_tag-gastgeschenk","11":"product_tag-poklon","12":"product_tag-poklon-za-goste","13":"product_tag-pokloni","14":"product_tag-pokloni-za-goste","15":"product_tag-taufe","17":"entry","18":"has-media","20":"first","21":"instock","22":"shipping-taxable","23":"purchasable","24":"product-type-variable","25":"has-product-nav","26":"col","27":"span_1_of_3","28":"owp-content-center","29":"owp-thumbs-layout-horizontal","30":"owp-btn-normal","31":"owp-tabs-layout-horizontal","33":"circle-sale"},"_links":{"self":[{"href":"https:\/\/pozivnicezavjencanjejeanleloo.com\/de\/wp-json\/wp\/v2\/product\/4804"}],"collection":[{"href":"https:\/\/pozivnicezavjencanjejeanleloo.com\/de\/wp-json\/wp\/v2\/product"}],"about":[{"href":"https:\/\/pozivnicezavjencanjejeanleloo.com\/de\/wp-json\/wp\/v2\/types\/product"}],"replies":[{"embeddable":true,"href":"https:\/\/pozivnicezavjencanjejeanleloo.com\/de\/wp-json\/wp\/v2\/comments?post=4804"}],"version-history":[{"count":1,"href":"https:\/\/pozivnicezavjencanjejeanleloo.com\/de\/wp-json\/wp\/v2\/product\/4804\/revisions"}],"predecessor-version":[{"id":4812,"href":"https:\/\/pozivnicezavjencanjejeanleloo.com\/de\/wp-json\/wp\/v2\/product\/4804\/revisions\/4812"}],"wp:featuredmedia":[{"embeddable":true,"href":"https:\/\/pozivnicezavjencanjejeanleloo.com\/de\/wp-json\/wp\/v2\/media\/4808"}],"wp:attachment":[{"href":"https:\/\/pozivnicezavjencanjejeanleloo.com\/de\/wp-json\/wp\/v2\/media?parent=4804"}],"wp:term":[{"taxonomy":"product_brand","embeddable":true,"href":"https:\/\/pozivnicezavjencanjejeanleloo.com\/de\/wp-json\/wp\/v2\/product_brand?post=4804"},{"taxonomy":"product_cat","embeddable":true,"href":"https:\/\/pozivnicezavjencanjejeanleloo.com\/de\/wp-json\/wp\/v2\/product_cat?post=4804"},{"taxonomy":"product_tag","embeddable":true,"href":"https:\/\/pozivnicezavjencanjejeanleloo.com\/de\/wp-json\/wp\/v2\/product_tag?post=4804"}],"curies":[{"name":"wp","href":"https:\/\/api.w.org\/{rel}","templated":true}]}}