{"id":4183,"date":"2021-02-17T20:09:53","date_gmt":"2021-02-17T20:09:53","guid":{"rendered":"https:\/\/pozivnicezavjencanjejeanleloo.com\/?post_type=product&#038;p=4183"},"modified":"2021-02-17T20:09:53","modified_gmt":"2021-02-17T20:09:53","slug":"long-elegant","status":"publish","type":"product","link":"https:\/\/pozivnicezavjencanjejeanleloo.com\/de\/produkt\/long-elegant\/","title":{"rendered":"Long elegant"},"content":{"rendered":"<p>Hochzeitseinladung im Umschlag. Aus elfenbeinfarbenem Karton mit floralen 3D-Details. Der Text befindet sich auf dem Innenkarton. F\u00fcr Einladungen f\u00e4llt eine einmalige Druck- und Grafikerstellungsgeb\u00fchr von 17,00 \u20ac an.<\/p>","protected":false},"excerpt":{"rendered":"<p>Begrenzte Anzahl Einladungen, derzeit 60 St\u00fcck auf Lager.<\/p>","protected":false},"featured_media":4184,"comment_status":"open","ping_status":"closed","template":"","meta":{"ocean_post_layout":"","ocean_both_sidebars_style":"","ocean_both_sidebars_content_width":0,"ocean_both_sidebars_sidebars_width":0,"ocean_sidebar":"0","ocean_second_sidebar":"0","ocean_disable_margins":"enable","ocean_add_body_class":"","ocean_shortcode_before_top_bar":"","ocean_shortcode_after_top_bar":"","ocean_shortcode_before_header":"","ocean_shortcode_after_header":"","ocean_has_shortcode":"","ocean_shortcode_after_title":"","ocean_shortcode_before_footer_widgets":"","ocean_shortcode_after_footer_widgets":"","ocean_shortcode_before_footer_bottom":"","ocean_shortcode_after_footer_bottom":"","ocean_display_top_bar":"default","ocean_display_header":"default","ocean_header_style":"","ocean_center_header_left_menu":"0","ocean_custom_header_template":"0","ocean_custom_logo":0,"ocean_custom_retina_logo":0,"ocean_custom_logo_max_width":0,"ocean_custom_logo_tablet_max_width":0,"ocean_custom_logo_mobile_max_width":0,"ocean_custom_logo_max_height":0,"ocean_custom_logo_tablet_max_height":0,"ocean_custom_logo_mobile_max_height":0,"ocean_header_custom_menu":"0","ocean_menu_typo_font_family":"0","ocean_menu_typo_font_subset":"","ocean_menu_typo_font_size":0,"ocean_menu_typo_font_size_tablet":0,"ocean_menu_typo_font_size_mobile":0,"ocean_menu_typo_font_size_unit":"px","ocean_menu_typo_font_weight":"","ocean_menu_typo_font_weight_tablet":"","ocean_menu_typo_font_weight_mobile":"","ocean_menu_typo_transform":"","ocean_menu_typo_transform_tablet":"","ocean_menu_typo_transform_mobile":"","ocean_menu_typo_line_height":0,"ocean_menu_typo_line_height_tablet":0,"ocean_menu_typo_line_height_mobile":0,"ocean_menu_typo_line_height_unit":"","ocean_menu_typo_spacing":0,"ocean_menu_typo_spacing_tablet":0,"ocean_menu_typo_spacing_mobile":0,"ocean_menu_typo_spacing_unit":"","ocean_menu_link_color":"","ocean_menu_link_color_hover":"","ocean_menu_link_color_active":"","ocean_menu_link_background":"","ocean_menu_link_hover_background":"","ocean_menu_link_active_background":"","ocean_menu_social_links_bg":"","ocean_menu_social_hover_links_bg":"","ocean_menu_social_links_color":"","ocean_menu_social_hover_links_color":"","ocean_disable_title":"default","ocean_disable_heading":"default","ocean_post_title":"","ocean_post_subheading":"","ocean_post_title_style":"","ocean_post_title_background_color":"","ocean_post_title_background":0,"ocean_post_title_bg_image_position":"","ocean_post_title_bg_image_attachment":"","ocean_post_title_bg_image_repeat":"","ocean_post_title_bg_image_size":"","ocean_post_title_height":0,"ocean_post_title_bg_overlay":0.5,"ocean_post_title_bg_overlay_color":"","ocean_disable_breadcrumbs":"default","ocean_breadcrumbs_color":"","ocean_breadcrumbs_separator_color":"","ocean_breadcrumbs_links_color":"","ocean_breadcrumbs_links_hover_color":"","ocean_display_footer_widgets":"default","ocean_display_footer_bottom":"default","ocean_custom_footer_template":"0"},"product_brand":[],"product_cat":[197,53,43],"product_tag":[82,85,69,71,86,91,109,83,84,66,110,75,81,89,90,78],"class_list":{"0":"post-4183","1":"product","2":"type-product","3":"status-publish","4":"has-post-thumbnail","6":"product_cat-sale","7":"product_cat-limited-edition","8":"product_cat-pozivnice","9":"product_tag-akcija","10":"product_tag-akcije","11":"product_tag-einladung","12":"product_tag-elegant","13":"product_tag-gold","14":"product_tag-hochzeit","15":"product_tag-hochzeitseinladung","16":"product_tag-ivory","17":"product_tag-limited","18":"product_tag-pozivnica","19":"product_tag-pozivnica-za-vjencanje","20":"product_tag-pozivnice","21":"product_tag-sale","22":"product_tag-vjencanje","23":"product_tag-wedding","24":"product_tag-zlatno","26":"entry","27":"has-media","29":"first","30":"instock","31":"sale","32":"shipping-taxable","33":"purchasable","34":"product-type-simple","35":"has-product-nav","36":"col","37":"span_1_of_3","38":"owp-content-center","39":"owp-thumbs-layout-horizontal","40":"owp-btn-normal","41":"owp-tabs-layout-horizontal","43":"circle-sale"},"_links":{"self":[{"href":"https:\/\/pozivnicezavjencanjejeanleloo.com\/de\/wp-json\/wp\/v2\/product\/4183"}],"collection":[{"href":"https:\/\/pozivnicezavjencanjejeanleloo.com\/de\/wp-json\/wp\/v2\/product"}],"about":[{"href":"https:\/\/pozivnicezavjencanjejeanleloo.com\/de\/wp-json\/wp\/v2\/types\/product"}],"replies":[{"embeddable":true,"href":"https:\/\/pozivnicezavjencanjejeanleloo.com\/de\/wp-json\/wp\/v2\/comments?post=4183"}],"version-history":[{"count":0,"href":"https:\/\/pozivnicezavjencanjejeanleloo.com\/de\/wp-json\/wp\/v2\/product\/4183\/revisions"}],"wp:featuredmedia":[{"embeddable":true,"href":"https:\/\/pozivnicezavjencanjejeanleloo.com\/de\/wp-json\/wp\/v2\/media\/4184"}],"wp:attachment":[{"href":"https:\/\/pozivnicezavjencanjejeanleloo.com\/de\/wp-json\/wp\/v2\/media?parent=4183"}],"wp:term":[{"taxonomy":"product_brand","embeddable":true,"href":"https:\/\/pozivnicezavjencanjejeanleloo.com\/de\/wp-json\/wp\/v2\/product_brand?post=4183"},{"taxonomy":"product_cat","embeddable":true,"href":"https:\/\/pozivnicezavjencanjejeanleloo.com\/de\/wp-json\/wp\/v2\/product_cat?post=4183"},{"taxonomy":"product_tag","embeddable":true,"href":"https:\/\/pozivnicezavjencanjejeanleloo.com\/de\/wp-json\/wp\/v2\/product_tag?post=4183"}],"curies":[{"name":"wp","href":"https:\/\/api.w.org\/{rel}","templated":true}]}}