{"id":1243,"date":"2021-01-07T15:38:04","date_gmt":"2021-01-07T15:38:04","guid":{"rendered":"https:\/\/pozivnicezavjencanjejeanleloo.com\/?post_type=product&#038;p=1243"},"modified":"2021-01-07T15:38:05","modified_gmt":"2021-01-07T15:38:05","slug":"pozivnica-u-boci","status":"publish","type":"product","link":"https:\/\/pozivnicezavjencanjejeanleloo.com\/de\/produkt\/pozivnica-u-boci\/","title":{"rendered":"Pozivnica u Boci"},"content":{"rendered":"<p>Pozivnica za vjen\u010danje u boci. Visina bo\u010dice je 14 cm. Bo\u010dica je dekorirana po izboru, osnovna dekoracija je mre\u017eica, saten traka ili cirkon traka, saten ma\u0161na i cirkon. Dodavanjem ili oduzimanjem ukrasa mijenja se cijena, za detaljan izra\u010dun molimo Vas po\u0161aljite nam upit. Tekst pozivnice dolazi na paus papiru ( prozirnom) i mo\u017ee biti u boji po \u017eelji. Mogu\u0107e i u drugim bojama. Biseri i kristali na trakici kojom izvla\u010dite tekst iz boce + 0,54 \u20ac. Pijesak, kamenje ili biseri u fla\u0161ici dopla\u0107uju se 0,40 \u20ac po pozivnici. Na pozivnice se pla\u0107a jednokratno tisak i grafi\u010dka priprema 17,00 \u20ac.<\/p>","protected":false},"excerpt":{"rendered":"<p>f\u00fcr 20 St\u00fcck und mehr Preis 2,70 \u20ac<br \/>\nf\u00fcr 50 St\u00fcck und mehr Preis 2,56 \u20ac<br \/>\nf\u00fcr 100 St\u00fcck und mehr Preis 2,43 \u20ac<\/p>","protected":false},"featured_media":1247,"comment_status":"closed","ping_status":"closed","template":"","meta":{"ocean_post_layout":"","ocean_both_sidebars_style":"","ocean_both_sidebars_content_width":0,"ocean_both_sidebars_sidebars_width":0,"ocean_sidebar":"","ocean_second_sidebar":"","ocean_disable_margins":"enable","ocean_add_body_class":"","ocean_shortcode_before_top_bar":"","ocean_shortcode_after_top_bar":"","ocean_shortcode_before_header":"","ocean_shortcode_after_header":"","ocean_has_shortcode":"","ocean_shortcode_after_title":"","ocean_shortcode_before_footer_widgets":"","ocean_shortcode_after_footer_widgets":"","ocean_shortcode_before_footer_bottom":"","ocean_shortcode_after_footer_bottom":"","ocean_display_top_bar":"default","ocean_display_header":"default","ocean_header_style":"","ocean_center_header_left_menu":"","ocean_custom_header_template":"","ocean_custom_logo":0,"ocean_custom_retina_logo":0,"ocean_custom_logo_max_width":0,"ocean_custom_logo_tablet_max_width":0,"ocean_custom_logo_mobile_max_width":0,"ocean_custom_logo_max_height":0,"ocean_custom_logo_tablet_max_height":0,"ocean_custom_logo_mobile_max_height":0,"ocean_header_custom_menu":"","ocean_menu_typo_font_family":"","ocean_menu_typo_font_subset":"","ocean_menu_typo_font_size":0,"ocean_menu_typo_font_size_tablet":0,"ocean_menu_typo_font_size_mobile":0,"ocean_menu_typo_font_size_unit":"px","ocean_menu_typo_font_weight":"","ocean_menu_typo_font_weight_tablet":"","ocean_menu_typo_font_weight_mobile":"","ocean_menu_typo_transform":"","ocean_menu_typo_transform_tablet":"","ocean_menu_typo_transform_mobile":"","ocean_menu_typo_line_height":0,"ocean_menu_typo_line_height_tablet":0,"ocean_menu_typo_line_height_mobile":0,"ocean_menu_typo_line_height_unit":"","ocean_menu_typo_spacing":0,"ocean_menu_typo_spacing_tablet":0,"ocean_menu_typo_spacing_mobile":0,"ocean_menu_typo_spacing_unit":"","ocean_menu_link_color":"","ocean_menu_link_color_hover":"","ocean_menu_link_color_active":"","ocean_menu_link_background":"","ocean_menu_link_hover_background":"","ocean_menu_link_active_background":"","ocean_menu_social_links_bg":"","ocean_menu_social_hover_links_bg":"","ocean_menu_social_links_color":"","ocean_menu_social_hover_links_color":"","ocean_disable_title":"default","ocean_disable_heading":"default","ocean_post_title":"","ocean_post_subheading":"","ocean_post_title_style":"","ocean_post_title_background_color":"","ocean_post_title_background":0,"ocean_post_title_bg_image_position":"","ocean_post_title_bg_image_attachment":"","ocean_post_title_bg_image_repeat":"","ocean_post_title_bg_image_size":"","ocean_post_title_height":0,"ocean_post_title_bg_overlay":0.5,"ocean_post_title_bg_overlay_color":"","ocean_disable_breadcrumbs":"default","ocean_breadcrumbs_color":"","ocean_breadcrumbs_separator_color":"","ocean_breadcrumbs_links_color":"","ocean_breadcrumbs_links_hover_color":"","ocean_display_footer_widgets":"default","ocean_display_footer_bottom":"default","ocean_custom_footer_template":""},"product_brand":[],"product_cat":[43,52],"product_tag":[69,72,71,91,109,66,110,75,68,89,90],"class_list":{"0":"post-1243","1":"product","2":"type-product","3":"status-publish","4":"has-post-thumbnail","6":"product_cat-pozivnice","7":"product_cat-premium","8":"product_tag-einladung","9":"product_tag-ekskluziv","10":"product_tag-elegant","11":"product_tag-hochzeit","12":"product_tag-hochzeitseinladung","13":"product_tag-pozivnica","14":"product_tag-pozivnica-za-vjencanje","15":"product_tag-pozivnice","16":"product_tag-premium","17":"product_tag-vjencanje","18":"product_tag-wedding","20":"entry","21":"has-media","23":"first","24":"instock","25":"shipping-taxable","26":"purchasable","27":"product-type-variable","28":"has-product-nav","29":"col","30":"span_1_of_3","31":"owp-content-center","32":"owp-thumbs-layout-horizontal","33":"owp-btn-normal","34":"owp-tabs-layout-horizontal","36":"circle-sale"},"_links":{"self":[{"href":"https:\/\/pozivnicezavjencanjejeanleloo.com\/de\/wp-json\/wp\/v2\/product\/1243"}],"collection":[{"href":"https:\/\/pozivnicezavjencanjejeanleloo.com\/de\/wp-json\/wp\/v2\/product"}],"about":[{"href":"https:\/\/pozivnicezavjencanjejeanleloo.com\/de\/wp-json\/wp\/v2\/types\/product"}],"replies":[{"embeddable":true,"href":"https:\/\/pozivnicezavjencanjejeanleloo.com\/de\/wp-json\/wp\/v2\/comments?post=1243"}],"version-history":[{"count":0,"href":"https:\/\/pozivnicezavjencanjejeanleloo.com\/de\/wp-json\/wp\/v2\/product\/1243\/revisions"}],"wp:featuredmedia":[{"embeddable":true,"href":"https:\/\/pozivnicezavjencanjejeanleloo.com\/de\/wp-json\/wp\/v2\/media\/1247"}],"wp:attachment":[{"href":"https:\/\/pozivnicezavjencanjejeanleloo.com\/de\/wp-json\/wp\/v2\/media?parent=1243"}],"wp:term":[{"taxonomy":"product_brand","embeddable":true,"href":"https:\/\/pozivnicezavjencanjejeanleloo.com\/de\/wp-json\/wp\/v2\/product_brand?post=1243"},{"taxonomy":"product_cat","embeddable":true,"href":"https:\/\/pozivnicezavjencanjejeanleloo.com\/de\/wp-json\/wp\/v2\/product_cat?post=1243"},{"taxonomy":"product_tag","embeddable":true,"href":"https:\/\/pozivnicezavjencanjejeanleloo.com\/de\/wp-json\/wp\/v2\/product_tag?post=1243"}],"curies":[{"name":"wp","href":"https:\/\/api.w.org\/{rel}","templated":true}]}}