{"id":1117,"date":"2021-01-06T15:16:04","date_gmt":"2021-01-06T15:16:04","guid":{"rendered":"https:\/\/pozivnicezavjencanjejeanleloo.com\/?post_type=product&#038;p=1117"},"modified":"2021-01-08T21:09:21","modified_gmt":"2021-01-08T21:09:21","slug":"soho-2","status":"publish","type":"product","link":"https:\/\/pozivnicezavjencanjejeanleloo.com\/de\/produkt\/soho-2\/","title":{"rendered":"Soho"},"content":{"rendered":"<p>Dankeskarte, Ma\u00dfe 11 x 16 cm, mit \u00d6ffnung wie ein Buch. Die Dankeskarte besteht aus Perlkarton und ist mit einer Satinschleife in der Farbe Ihrer Wahl verziert. Gegen einen Aufpreis von 0,13 \u20ac pro St\u00fcck ist es m\u00f6glich, der Dankeskarte ein Pr\u00e4gemuster hinzuzuf\u00fcgen. Gegen einen Aufpreis von 0,07 \u20ac pro St\u00fcck ist es auch m\u00f6glich, dem Druck Zirkone hinzuzuf\u00fcgen. Das Hinzuf\u00fcgen von Zirkonen oder Verzierungen an der Schleife kostet jeweils 0,13 \u20ac. Es besteht die M\u00f6glichkeit, die Farben des Kartons und der Schleife zu \u00e4ndern. F\u00fcr den Druck und die grafische Aufbereitung der Dankesbriefe fallen einmalig 10,00 \u20ac an.<\/p>","protected":false},"excerpt":{"rendered":"<p>f\u00fcr 20 St\u00fcck und mehr Preis 1,75 \u20ac<br \/>\nf\u00fcr 50 St\u00fcck und mehr Preis 1,62 \u20ac<br \/>\nf\u00fcr 100 St\u00fcck und mehr Preis 1,48 \u20ac<\/p>","protected":false},"featured_media":1121,"comment_status":"closed","ping_status":"closed","template":"","meta":{"ocean_post_layout":"","ocean_both_sidebars_style":"","ocean_both_sidebars_content_width":0,"ocean_both_sidebars_sidebars_width":0,"ocean_sidebar":"","ocean_second_sidebar":"","ocean_disable_margins":"enable","ocean_add_body_class":"","ocean_shortcode_before_top_bar":"","ocean_shortcode_after_top_bar":"","ocean_shortcode_before_header":"","ocean_shortcode_after_header":"","ocean_has_shortcode":"","ocean_shortcode_after_title":"","ocean_shortcode_before_footer_widgets":"","ocean_shortcode_after_footer_widgets":"","ocean_shortcode_before_footer_bottom":"","ocean_shortcode_after_footer_bottom":"","ocean_display_top_bar":"default","ocean_display_header":"default","ocean_header_style":"","ocean_center_header_left_menu":"","ocean_custom_header_template":"","ocean_custom_logo":0,"ocean_custom_retina_logo":0,"ocean_custom_logo_max_width":0,"ocean_custom_logo_tablet_max_width":0,"ocean_custom_logo_mobile_max_width":0,"ocean_custom_logo_max_height":0,"ocean_custom_logo_tablet_max_height":0,"ocean_custom_logo_mobile_max_height":0,"ocean_header_custom_menu":"","ocean_menu_typo_font_family":"","ocean_menu_typo_font_subset":"","ocean_menu_typo_font_size":0,"ocean_menu_typo_font_size_tablet":0,"ocean_menu_typo_font_size_mobile":0,"ocean_menu_typo_font_size_unit":"px","ocean_menu_typo_font_weight":"","ocean_menu_typo_font_weight_tablet":"","ocean_menu_typo_font_weight_mobile":"","ocean_menu_typo_transform":"","ocean_menu_typo_transform_tablet":"","ocean_menu_typo_transform_mobile":"","ocean_menu_typo_line_height":0,"ocean_menu_typo_line_height_tablet":0,"ocean_menu_typo_line_height_mobile":0,"ocean_menu_typo_line_height_unit":"","ocean_menu_typo_spacing":0,"ocean_menu_typo_spacing_tablet":0,"ocean_menu_typo_spacing_mobile":0,"ocean_menu_typo_spacing_unit":"","ocean_menu_link_color":"","ocean_menu_link_color_hover":"","ocean_menu_link_color_active":"","ocean_menu_link_background":"","ocean_menu_link_hover_background":"","ocean_menu_link_active_background":"","ocean_menu_social_links_bg":"","ocean_menu_social_hover_links_bg":"","ocean_menu_social_links_color":"","ocean_menu_social_hover_links_color":"","ocean_disable_title":"default","ocean_disable_heading":"default","ocean_post_title":"","ocean_post_subheading":"","ocean_post_title_style":"","ocean_post_title_background_color":"","ocean_post_title_background":0,"ocean_post_title_bg_image_position":"","ocean_post_title_bg_image_attachment":"","ocean_post_title_bg_image_repeat":"","ocean_post_title_bg_image_size":"","ocean_post_title_height":0,"ocean_post_title_bg_overlay":0.5,"ocean_post_title_bg_overlay_color":"","ocean_disable_breadcrumbs":"default","ocean_breadcrumbs_color":"","ocean_breadcrumbs_separator_color":"","ocean_breadcrumbs_links_color":"","ocean_breadcrumbs_links_hover_color":"","ocean_display_footer_widgets":"default","ocean_display_footer_bottom":"default","ocean_custom_footer_template":""},"product_brand":[],"product_cat":[54,44],"product_tag":[95,111,91,89,90,94],"class_list":{"0":"post-1117","1":"product","2":"type-product","3":"status-publish","4":"has-post-thumbnail","6":"product_cat-klasik-zahvalnice","7":"product_cat-zahvalnice","8":"product_tag-danke","9":"product_tag-dankeskarte","10":"product_tag-hochzeit","11":"product_tag-vjencanje","12":"product_tag-wedding","13":"product_tag-zahvalnice","15":"entry","16":"has-media","18":"first","19":"instock","20":"shipping-taxable","21":"purchasable","22":"product-type-variable","23":"has-product-nav","24":"col","25":"span_1_of_3","26":"owp-content-center","27":"owp-thumbs-layout-horizontal","28":"owp-btn-normal","29":"owp-tabs-layout-horizontal","31":"circle-sale"},"_links":{"self":[{"href":"https:\/\/pozivnicezavjencanjejeanleloo.com\/de\/wp-json\/wp\/v2\/product\/1117"}],"collection":[{"href":"https:\/\/pozivnicezavjencanjejeanleloo.com\/de\/wp-json\/wp\/v2\/product"}],"about":[{"href":"https:\/\/pozivnicezavjencanjejeanleloo.com\/de\/wp-json\/wp\/v2\/types\/product"}],"replies":[{"embeddable":true,"href":"https:\/\/pozivnicezavjencanjejeanleloo.com\/de\/wp-json\/wp\/v2\/comments?post=1117"}],"version-history":[{"count":0,"href":"https:\/\/pozivnicezavjencanjejeanleloo.com\/de\/wp-json\/wp\/v2\/product\/1117\/revisions"}],"wp:featuredmedia":[{"embeddable":true,"href":"https:\/\/pozivnicezavjencanjejeanleloo.com\/de\/wp-json\/wp\/v2\/media\/1121"}],"wp:attachment":[{"href":"https:\/\/pozivnicezavjencanjejeanleloo.com\/de\/wp-json\/wp\/v2\/media?parent=1117"}],"wp:term":[{"taxonomy":"product_brand","embeddable":true,"href":"https:\/\/pozivnicezavjencanjejeanleloo.com\/de\/wp-json\/wp\/v2\/product_brand?post=1117"},{"taxonomy":"product_cat","embeddable":true,"href":"https:\/\/pozivnicezavjencanjejeanleloo.com\/de\/wp-json\/wp\/v2\/product_cat?post=1117"},{"taxonomy":"product_tag","embeddable":true,"href":"https:\/\/pozivnicezavjencanjejeanleloo.com\/de\/wp-json\/wp\/v2\/product_tag?post=1117"}],"curies":[{"name":"wp","href":"https:\/\/api.w.org\/{rel}","templated":true}]}}